{"id":9885,"date":"2023-10-19T08:45:26","date_gmt":"2023-10-19T08:45:26","guid":{"rendered":"http:\/\/tuvi.me\/?post_type=product&#038;p=9885"},"modified":"2024-12-02T03:25:12","modified_gmt":"2024-12-02T03:25:12","slug":"phan-mem-tu-vi-nhieu-nguoi-dung","status":"publish","type":"product","link":"https:\/\/tuvi.me\/vi\/shop\/phan-mem-tu-vi-nhieu-nguoi-dung\/","title":{"rendered":"Phan Mem Tu Vi &#8211; Nhieu nguoi dung"},"content":{"rendered":"<p>Phan Mem Tu Vi &#8211; Nhieu nguoi dung.<\/p>\n","protected":false},"excerpt":{"rendered":"<p>Phan Mem Tu Vi &#8211; Nhieu nguoi dung.<\/p>\n\n<div class=\"mepr-price-menu minimal_gray_horizontal minimal_horizontal\">\n  <div class=\"mepr-price-boxes mepr-1-col\">\n      <div id=\"mepr-price-box-9962\" class=\"mepr-price-box \">\n              <div class=\"mepr-price-box-head\">\n        <div class=\"mepr-price-box-title\">Ph\u1ea7n m\u1ec1m T\u1eed Vi nhi\u1ec1u ng\u01b0\u1eddi d\u00f9ng<\/div>\n                  <div class=\"mepr-price-box-price\">\n            Mi\u1ec5n ph\u00ed          <\/div>\n                            <div class=\"mepr-price-box-heading\">Ph\u1ea7n m\u1ec1m T\u1eed Vi nhi\u1ec1u ng\u01b0\u1eddi d\u00f9ng<\/div>\n                          <\/div>\n      <div class=\"mepr-price-box-benefits\"><div class=\"mepr-price-box-benefits-list\"><div class=\"mepr-price-box-benefits-item\">T\u1ef1 tra c\u1ee9u, ph\u00e1t tri\u1ec3n tr\u00ean n\u1ec1n t\u1ea3ng g\u1ed1c<\/div><div class=\"mepr-price-box-benefits-item\">Hi\u1ec3u s\u00e2u xa c\u00e1ch kh\u00e1n h\u1ea1n v\u00e0 l\u1eadp tr\u00ecnh l\u00e1 s\u1ed1<\/div><\/div><\/div>\n      <div class=\"mepr-price-box-foot\">\n        <div class=\"mepr-price-box-footer\"><\/div>\n            <div class=\"mepr-price-box-button\">\n                  <a href=\"https:\/\/tuvi.me\/vi\/register\/phan-mem-tu-vi-nhieu-nguoi-dung\/\" class=\"\">Sign Up<\/a>\n            <\/div>\n              <\/div>\n    <\/div>\n          <\/div>\n<\/div>\n\n","protected":false},"featured_media":10048,"comment_status":"open","ping_status":"closed","template":"","meta":{"_et_pb_use_builder":"off","_et_pb_old_content":"Phan Mem Tu Vi - Nhieu nguoi dung.","_et_gb_content_width":"","_uag_custom_page_level_css":""},"product_brand":[],"product_cat":[117],"product_tag":[],"class_list":{"0":"post-9885","1":"product","2":"type-product","3":"status-publish","4":"has-post-thumbnail","6":"product_cat-phan-mem","8":"first","9":"instock","10":"sale","11":"downloadable","12":"virtual","13":"sold-individually","14":"purchasable","15":"product-type-simple"},"_downloadable":"yes","_download_limit":"-1","_downloadable_files":{"395b591f-9c18-4655-9179-98e70c8db80e":{"id":"395b591f-9c18-4655-9179-98e70c8db80e","name":"Phan Mem Tu Vi - Nhieu nguoi dung","file":"http:\/\/tuvi.me\/wp-content\/uploads\/2023\/05\/Customer-Reviews-DarkGreen.png","enabled":true}},"_product_version":"9.4.2","_is_software":"yes","_software_product_id":"Phan Mem Tu Vi - Nhieu nguoi dung","_software_license_key_prefix":"B2","_software_secret_product_key":"199998899988","_software_version":"2.5","_software_activations":"1","_software_upgradable_product":"","_software_upgrade_price":"","_software_upgrade_license_keys":"","_software_used_license_keys":"","_subscription_payment_sync_date":null,"_subscription_price":null,"_subscription_trial_length":null,"_subscription_sign_up_fee":null,"_subscription_period":null,"_subscription_period_interval":null,"_subscription_length":null,"_subscription_trial_period":null,"_subscription_limit":null,"uagb_featured_image_src":{"full":["https:\/\/i0.wp.com\/tuvi.me\/wp-content\/uploads\/2023\/10\/PhanMemTuviNhieuNguoiDung.png?fit=522%2C348&ssl=1",522,348,false],"thumbnail":["https:\/\/i0.wp.com\/tuvi.me\/wp-content\/uploads\/2023\/10\/PhanMemTuviNhieuNguoiDung.png?resize=150%2C150&ssl=1",150,150,true],"medium":["https:\/\/i0.wp.com\/tuvi.me\/wp-content\/uploads\/2023\/10\/PhanMemTuviNhieuNguoiDung.png?fit=300%2C200&ssl=1",300,200,true],"medium_large":["https:\/\/i0.wp.com\/tuvi.me\/wp-content\/uploads\/2023\/10\/PhanMemTuviNhieuNguoiDung.png?fit=522%2C348&ssl=1",522,348,true],"large":["https:\/\/i0.wp.com\/tuvi.me\/wp-content\/uploads\/2023\/10\/PhanMemTuviNhieuNguoiDung.png?fit=522%2C348&ssl=1",522,348,true],"1536x1536":["https:\/\/i0.wp.com\/tuvi.me\/wp-content\/uploads\/2023\/10\/PhanMemTuviNhieuNguoiDung.png?fit=522%2C348&ssl=1",522,348,true],"2048x2048":["https:\/\/i0.wp.com\/tuvi.me\/wp-content\/uploads\/2023\/10\/PhanMemTuviNhieuNguoiDung.png?fit=522%2C348&ssl=1",522,348,true],"et-pb-post-main-image":["https:\/\/i0.wp.com\/tuvi.me\/wp-content\/uploads\/2023\/10\/PhanMemTuviNhieuNguoiDung.png?resize=400%2C250&ssl=1",400,250,true],"et-pb-post-main-image-fullwidth":["https:\/\/i0.wp.com\/tuvi.me\/wp-content\/uploads\/2023\/10\/PhanMemTuviNhieuNguoiDung.png?resize=522%2C348&ssl=1",522,348,true],"et-pb-portfolio-image":["https:\/\/i0.wp.com\/tuvi.me\/wp-content\/uploads\/2023\/10\/PhanMemTuviNhieuNguoiDung.png?resize=400%2C284&ssl=1",400,284,true],"et-pb-portfolio-module-image":["https:\/\/i0.wp.com\/tuvi.me\/wp-content\/uploads\/2023\/10\/PhanMemTuviNhieuNguoiDung.png?resize=510%2C348&ssl=1",510,348,true],"et-pb-portfolio-image-single":["https:\/\/i0.wp.com\/tuvi.me\/wp-content\/uploads\/2023\/10\/PhanMemTuviNhieuNguoiDung.png?fit=522%2C348&ssl=1",522,348,true],"et-pb-gallery-module-image-portrait":["https:\/\/i0.wp.com\/tuvi.me\/wp-content\/uploads\/2023\/10\/PhanMemTuviNhieuNguoiDung.png?resize=400%2C348&ssl=1",400,348,true],"et-pb-post-main-image-fullwidth-large":["https:\/\/i0.wp.com\/tuvi.me\/wp-content\/uploads\/2023\/10\/PhanMemTuviNhieuNguoiDung.png?resize=522%2C348&ssl=1",522,348,true],"et-pb-image--responsive--desktop":["https:\/\/i0.wp.com\/tuvi.me\/wp-content\/uploads\/2023\/10\/PhanMemTuviNhieuNguoiDung.png?resize=522%2C348&ssl=1",522,348,true],"et-pb-image--responsive--tablet":["https:\/\/i0.wp.com\/tuvi.me\/wp-content\/uploads\/2023\/10\/PhanMemTuviNhieuNguoiDung.png?resize=522%2C348&ssl=1",522,348,true],"et-pb-image--responsive--phone":["https:\/\/i0.wp.com\/tuvi.me\/wp-content\/uploads\/2023\/10\/PhanMemTuviNhieuNguoiDung.png?resize=405%2C270&ssl=1",405,270,true],"mailpoet_newsletter_max":["https:\/\/i0.wp.com\/tuvi.me\/wp-content\/uploads\/2023\/10\/PhanMemTuviNhieuNguoiDung.png?fit=522%2C348&ssl=1",522,348,true],"woocommerce_thumbnail":["https:\/\/i0.wp.com\/tuvi.me\/wp-content\/uploads\/2023\/10\/PhanMemTuviNhieuNguoiDung.png?resize=300%2C348&ssl=1",300,348,true],"woocommerce_single":["https:\/\/i0.wp.com\/tuvi.me\/wp-content\/uploads\/2023\/10\/PhanMemTuviNhieuNguoiDung.png?fit=522%2C348&ssl=1",522,348,true],"woocommerce_gallery_thumbnail":["https:\/\/i0.wp.com\/tuvi.me\/wp-content\/uploads\/2023\/10\/PhanMemTuviNhieuNguoiDung.png?resize=100%2C100&ssl=1",100,100,true]},"uagb_author_info":{"display_name":"T\u1eed Vi Vi\u1ec7t Nam","author_link":"https:\/\/tuvi.me\/vi\/forum-participant\/0\/"},"uagb_comment_info":0,"uagb_excerpt":"Phan Mem Tu Vi - Nhieu nguoi dung. [mepr-group-price-boxes group_id=\"9985\"]","jetpack_sharing_enabled":true,"_links":{"self":[{"href":"https:\/\/tuvi.me\/vi\/wp-json\/wp\/v2\/product\/9885","targetHints":{"allow":["GET"]}}],"collection":[{"href":"https:\/\/tuvi.me\/vi\/wp-json\/wp\/v2\/product"}],"about":[{"href":"https:\/\/tuvi.me\/vi\/wp-json\/wp\/v2\/types\/product"}],"replies":[{"embeddable":true,"href":"https:\/\/tuvi.me\/vi\/wp-json\/wp\/v2\/comments?post=9885"}],"wp:featuredmedia":[{"embeddable":true,"href":"https:\/\/tuvi.me\/vi\/wp-json\/wp\/v2\/media\/10048"}],"wp:attachment":[{"href":"https:\/\/tuvi.me\/vi\/wp-json\/wp\/v2\/media?parent=9885"}],"wp:term":[{"taxonomy":"product_brand","embeddable":true,"href":"https:\/\/tuvi.me\/vi\/wp-json\/wp\/v2\/product_brand?post=9885"},{"taxonomy":"product_cat","embeddable":true,"href":"https:\/\/tuvi.me\/vi\/wp-json\/wp\/v2\/product_cat?post=9885"},{"taxonomy":"product_tag","embeddable":true,"href":"https:\/\/tuvi.me\/vi\/wp-json\/wp\/v2\/product_tag?post=9885"}],"curies":[{"name":"wp","href":"https:\/\/api.w.org\/{rel}","templated":true}]}}