{"id":9862,"date":"2023-10-18T16:39:08","date_gmt":"2023-10-18T16:39:08","guid":{"rendered":"http:\/\/tuvi.me\/?post_type=product&#038;p=9862"},"modified":"2024-10-21T00:15:26","modified_gmt":"2024-10-21T00:15:26","slug":"dich-vu-chon-ngay-gio-sinh","status":"publish","type":"product","link":"https:\/\/tuvi.me\/vi\/shop\/dich-vu-chon-ngay-gio-sinh\/","title":{"rendered":"D\u1ecbch v\u1ee5 ch\u1ecdn ng\u00e0y gi\u1edd sinh."},"content":{"rendered":"<p>[et_pb_section fb_built=&#8221;1&#8243; _builder_version=&#8221;4.16&#8243; global_colors_info=&#8221;{}&#8221;][et_pb_row _builder_version=&#8221;4.16&#8243; background_size=&#8221;initial&#8221; background_position=&#8221;top_left&#8221; background_repeat=&#8221;repeat&#8221; custom_padding=&#8221;||0%||false|false&#8221; global_colors_info=&#8221;{}&#8221;][et_pb_column type=&#8221;4_4&#8243; _builder_version=&#8221;4.16&#8243; custom_padding=&#8221;|||&#8221; global_colors_info=&#8221;{}&#8221; custom_padding__hover=&#8221;|||&#8221;][et_pb_post_title meta=&#8221;off&#8221; featured_image=&#8221;off&#8221; _builder_version=&#8221;4.16&#8243; global_colors_info=&#8221;{}&#8221;][\/et_pb_post_title][et_pb_wc_cart_notice _builder_version=&#8221;4.16&#8243; global_colors_info=&#8221;{}&#8221;][\/et_pb_wc_cart_notice][\/et_pb_column][\/et_pb_row][et_pb_row column_structure=&#8221;1_2,1_2&#8243; _builder_version=&#8221;4.16&#8243; background_size=&#8221;initial&#8221; background_position=&#8221;top_left&#8221; background_repeat=&#8221;repeat&#8221; global_colors_info=&#8221;{}&#8221;][et_pb_column type=&#8221;1_2&#8243; _builder_version=&#8221;4.16&#8243; custom_padding=&#8221;|||&#8221; global_colors_info=&#8221;{}&#8221; custom_padding__hover=&#8221;|||&#8221;][et_pb_wc_checkout_billing _builder_version=&#8221;4.16&#8243; global_colors_info=&#8221;{}&#8221;][\/et_pb_wc_checkout_billing][\/et_pb_column][et_pb_column type=&#8221;1_2&#8243; _builder_version=&#8221;4.16&#8243; custom_padding=&#8221;|||&#8221; global_colors_info=&#8221;{}&#8221; custom_padding__hover=&#8221;|||&#8221;][et_pb_wc_checkout_shipping _builder_version=&#8221;4.16&#8243; global_colors_info=&#8221;{}&#8221;][\/et_pb_wc_checkout_shipping][et_pb_wc_checkout_additional_info _builder_version=&#8221;4.16&#8243; global_colors_info=&#8221;{}&#8221;][\/et_pb_wc_checkout_additional_info][\/et_pb_column][\/et_pb_row][et_pb_row _builder_version=&#8221;4.16&#8243; background_size=&#8221;initial&#8221; background_position=&#8221;top_left&#8221; background_repeat=&#8221;repeat&#8221; global_colors_info=&#8221;{}&#8221;][et_pb_column type=&#8221;4_4&#8243; _builder_version=&#8221;4.16&#8243; custom_padding=&#8221;|||&#8221; global_colors_info=&#8221;{}&#8221; custom_padding__hover=&#8221;|||&#8221;][et_pb_wc_checkout_order_details _builder_version=&#8221;4.16&#8243; global_colors_info=&#8221;{}&#8221;][\/et_pb_wc_checkout_order_details][et_pb_wc_checkout_payment_info _builder_version=&#8221;4.16&#8243; global_colors_info=&#8221;{}&#8221;][\/et_pb_wc_checkout_payment_info][\/et_pb_column][\/et_pb_row][\/et_pb_section]<\/p>\n","protected":false},"excerpt":{"rendered":"<p>Xin \u0111i\u1ec1n c\u00e1c th\u00f4ng tin sau li\u00ean quan \u0111\u1ebfn kho\u1ea3ng th\u1eddi gian d\u1ef1 sanh:<\/p>\n<div class=\"wpforms-container \" id=\"wpforms-10530\"><form id=\"wpforms-form-10530\" class=\"wpforms-validate wpforms-form wpforms-ajax-form\" data-formid=\"10530\" method=\"post\" enctype=\"multipart\/form-data\" action=\"\/vi\/wp-json\/wp\/v2\/product\/9862\" data-token=\"cff42d248b6d5535d15a8c53eca7f3f5\"><noscript class=\"wpforms-error-noscript\">Vui l\u00f2ng b\u1eadt JavaScript trong tr\u00ecnh duy\u1ec7t c\u1ee7a b\u1ea1n \u0111\u1ec3 ho\u00e0n th\u00e0nh Form n\u00e0y.<\/noscript><div class=\"wpforms-field-container\"><div id=\"wpforms-10530-field_12-container\" class=\"wpforms-field wpforms-field-radio wpforms-list-2-columns\" data-field-id=\"12\"><label class=\"wpforms-field-label\" for=\"wpforms-10530-field_12\">B\u00e9 Trai hay B\u00e9 G\u00e1i <span class=\"wpforms-required-label\">*<\/span><\/label><ul id=\"wpforms-10530-field_12\" class=\"wpforms-field-required\"><li class=\"choice-1 depth-1\"><input type=\"radio\" id=\"wpforms-10530-field_12_1\" name=\"wpforms[fields][12]\" value=\"B\u00e9 Trai\" required ><label class=\"wpforms-field-label-inline\" for=\"wpforms-10530-field_12_1\">B\u00e9 Trai<\/label><\/li><li class=\"choice-2 depth-1\"><input type=\"radio\" id=\"wpforms-10530-field_12_2\" name=\"wpforms[fields][12]\" value=\"B\u00e9 G\u00e1i\" required ><label class=\"wpforms-field-label-inline\" for=\"wpforms-10530-field_12_2\">B\u00e9 G\u00e1i<\/label><\/li><\/ul><\/div><div id=\"wpforms-10530-field_8-container\" class=\"wpforms-field wpforms-field-date-time\" data-field-id=\"8\"><label class=\"wpforms-field-label\" for=\"wpforms-10530-field_8\">Ng\u00e0y d\u1ef1 sanh s\u1edbm nh\u1ea5t <span class=\"wpforms-required-label\">*<\/span><\/label><div class=\"wpforms-datepicker-wrap\"><input type=\"text\" id=\"wpforms-10530-field_8\" class=\"wpforms-field-date-time-date wpforms-datepicker wpforms-field-required wpforms-field-medium\" data-date-format=\"d\/m\/Y\" data-disable-past-dates=\"1\" data-input=\"true\" name=\"wpforms[fields][8][date]\" required><a title=\"Clear Date\" data-clear class=\"wpforms-datepicker-clear\" style=\"display:none;\"><\/a><\/div><\/div><div id=\"wpforms-10530-field_9-container\" class=\"wpforms-field wpforms-field-date-time\" data-field-id=\"9\"><label class=\"wpforms-field-label\" for=\"wpforms-10530-field_9\">Ng\u00e0y d\u1ef1 sanh tr\u1ec5 nh\u1ea5t  <span class=\"wpforms-required-label\">*<\/span><\/label><div class=\"wpforms-datepicker-wrap\"><input type=\"text\" id=\"wpforms-10530-field_9\" class=\"wpforms-field-date-time-date wpforms-datepicker wpforms-field-required wpforms-field-medium\" data-date-format=\"d\/m\/Y\" data-disable-past-dates=\"1\" data-input=\"true\" name=\"wpforms[fields][9][date]\" required><a title=\"Clear Date\" data-clear class=\"wpforms-datepicker-clear\" style=\"display:none;\"><\/a><\/div><\/div><div id=\"wpforms-10530-field_3-container\" class=\"wpforms-field wpforms-field-divider\" data-field-id=\"3\"><h3 id=\"wpforms-10530-field_3\" name=\"wpforms[fields][3]\">Y\u00eau c\u1ea7u kh\u00e1c c\u1ee7a B\u1ea1n (n\u1ebfu c\u00f3).<\/h3><\/div><div id=\"wpforms-10530-field_2-container\" class=\"wpforms-field wpforms-field-textarea\" data-field-id=\"2\"><label class=\"wpforms-field-label\" for=\"wpforms-10530-field_2\">Xin ghi chi ti\u1ebft y\u00eau c\u1ea7u c\u1ee7a b\u1ea1n (n\u1ebfu c\u00f3)<\/label><textarea id=\"wpforms-10530-field_2\" class=\"wpforms-field-medium\" name=\"wpforms[fields][2]\" ><\/textarea><\/div><\/div><!-- .wpforms-field-container --><div class=\"wpforms-submit-container\" ><input type=\"hidden\" name=\"wpforms[id]\" value=\"10530\"><input type=\"hidden\" name=\"wpforms[author]\" value=\"1\"><button type=\"submit\" name=\"wpforms[submit]\" id=\"wpforms-submit-10530\" class=\"wpforms-submit\" data-alt-text=\"Sending...\" data-submit-text=\"\" aria-live=\"assertive\" value=\"wpforms-submit\"><\/button><img loading=\"lazy\" decoding=\"async\" src=\"https:\/\/tuvi.me\/wp-content\/plugins\/wpforms\/assets\/images\/submit-spin.svg\" class=\"wpforms-submit-spinner\" style=\"display: none;\" width=\"26\" height=\"26\" alt=\"\u0110ang t\u1ea3i\"><\/div><\/form><\/div>  <!-- .wpforms-container -->\n<p>Kho\u1ea3ng c\u00e1ch gi\u1eefa ng\u00e0y d\u1ef1 sanh s\u1edbm nh\u1ea5t v\u00e0 tr\u1ec5 nh\u1ea5t t\u1ed1i \u0111a 10 ng\u00e0y, v\u00ec vi\u1ec7c d\u1ef1 \u0111o\u00e1n ph\u1ea3i bao g\u1ed3m vi\u1ec7c tra \u00a0c\u1ee9u h\u1ebft 12 khung gi\u1edd m\u1ed7i ng\u00e0y , 120 khung gi\u1edd cho 10 ng\u00e0y t\u1ed1n kh\u00e1\u00a0 nhi\u1ec1u th\u1eddi gian.<\/p>\n<p>Sau khi ho\u00e0n t\u1ea5t mua, ch\u00fang t\u00f4i s\u1ebd g\u1eedi k\u1ebft qu\u1ea3 trong v\u00f2ng 24-48\u00a0 gi\u1edd qua email k\u00e8m c\u00e1c Files \u0111\u00e3 t\u1ed5ng h\u1ee3p d\u00f9ng d\u1ef1 \u0111o\u00e1n c\u00e1c ng\u00e0y gi\u1edd sinh th\u00edch h\u1ee3p nh\u1ea5t ho\u1eb7c c\u00f3 th\u1ec3 truy c\u1eadp t\u1eeb Trang T\u00e0i Kho\u1ea3n c\u1ee7a b\u1ea1n.<\/p>\n","protected":false},"featured_media":10054,"comment_status":"open","ping_status":"closed","template":"","meta":{"_et_pb_use_builder":"on","_et_pb_old_content":"Ch\u1ecdn ng\u00e0y gi\u1edd sinh l\u00e0 v\u1ea5n \u0111\u1ec1 g\u00e2y tranh c\u00e3i l\u00e2u nay, Nhi\u1ec1u \u00fd ki\u1ebfn cho l\u00e0 n\u00ean c\u1ee9 \u0111\u1ec3 t\u1ef1 nhi\u00ean l\u00fac n\u00e0o \u0111\u1ebfn th\u00ec \u0111\u1ebfn. Tuy nhi\u00ean m\u1ed9t s\u1ed1 l\u1ea1i r\u01a1i v\u00e0o t\u00ecnh th\u1ebf ph\u1ea3i ch\u1ecdn do BS ch\u1ec9 \u0111\u1ecbnh ph\u1ea3i sanh m\u1ed5 ch\u1eb3ng h\u1ea1n. B\u1ea3o B\u00e1c s\u1ef9 ch\u1ecdn th\u00ec BS l\u1ea1i b\u1ea3o gia \u0111\u00ecnh t\u1ef1 ch\u1ecdn. Gia \u0111\u00ecnh t\u1ef1 ch\u1ecdn th\u00ec c\u00f3 l\u00fac ch\u1ecdn \u0111\u1ea1i c\u00f3 l\u00fac kh\u00f4ng t\u1ef1 tin l\u1ea1i \u0111i h\u1ecfi. Theo ch\u00fang t\u00f4i, n\u1ebfu c\u1ee9 \u0111\u1ec3 t\u00f9y duy\u00ean th\u00ec t\u1ed1t, n\u1ebfu bu\u1ed9c ph\u1ea3i ch\u1ecdn th\u00ec th\u1eed xem theo s\u00e1ch x\u01b0a. N\u1ebfu \u0111\u00e3 quy\u1ebft th\u00ec b\u1ea1n c\u1ea7n mua d\u1ecbch v\u1ee5 v\u00e0 b\u00e1o kho\u1ea3ng th\u1eddi gian d\u1ef1 sanh. L\u01b0u \u00fd, \u0111\u00e2y l\u00e0 d\u1ecbch v\u1ee5 t\u1ef1 ch\u1ecdn ng\u00e0y gi\u1edd sinh. Th\u1ef1c t\u1ebf l\u00e0 kh\u00f4ng c\u00f3 l\u00e1 s\u1ed1 n\u00e0o ho\u00e0n to\u00e0n t\u1ed1t ho\u1eb7c x\u1ea5u, \u0111\u01b0\u1ee3c c\u00e1i n\u00e0y m\u1ea5t c\u00e1i kia. Vi\u1ec7c lu\u1eadn h\u1ebft 1 l\u00e1 s\u1ed1 m\u1ea5t kh\u00e1 nhi\u1ec1u th\u1eddi gian v\u00e0 n\u00ean t\u1ef1 xem \u0111\u1ec3 c\u1ea3m nh\u1eadn. \u00a0Chi ph\u00ed d\u1ecbch v\u1ee5 n\u00e0y g\u1ed3m v\u00e0 ch\u1ec9 gi\u1edbi h\u1ea1n trong c\u00e1c c\u00f4ng \u0111o\u1ea1n sau.\r\n\r\n1- Sau khi bi\u1ebft kho\u1ea3ng ng\u00e0y gi\u1edd sinh, ch\u00fang t\u00f4i s\u1ebd g\u1eedi b\u1eb1ng Email hay qua share link gmail hay dropbox cho 1 khung gi\u1edd ph\u00e2n t\u00edch theo s\u00e1ch l\u00e0 t\u1ed1t nh\u1ea5t, \u00a0t\u1ed5ng c\u1ed9ng 24 Files g\u1ed3m 12 file t\u01b0\u01a1ng \u1ee9ng v\u1edbi 12 cung\u00a0 c\u1ed1 \u0111\u1ecbnh tr\u00ean l\u00e1 s\u1ed1, V\u00e0 12 file t\u01b0\u01a1ng \u1ee9ng c\u00e1c cung h\u1ea1n xoay v\u00f2ng h\u1ebft cu\u1ed9c \u0111\u1eddi.\r\n\r\n2- Ngo\u00e0i ra, D\u1ecbch v\u1ee5 c\u1ee7a ch\u00fang t\u00f4i s\u1ebd ch\u1ecdn t\u1ed1i \u0111a th\u00eam 1 khung gi\u1edd t\u1ed1t th\u1ee9 2 \u0111\u1ec3 qu\u00fd kh\u00e1ch tham kh\u1ea3o . T\u1ee9c l\u00e0 ch\u00fang t\u00f4i s\u1ebd g\u1eedi 2 X 24 files nh\u01b0 tr\u00ean.\r\n\r\n&nbsp;","_et_gb_content_width":"","_uag_custom_page_level_css":""},"product_brand":[],"product_cat":[116],"product_tag":[],"class_list":{"0":"post-9862","1":"product","2":"type-product","3":"status-publish","4":"has-post-thumbnail","6":"product_cat-chon-ngay-gio-sinh","8":"first","9":"instock","10":"sale","11":"downloadable","12":"virtual","13":"sold-individually","14":"purchasable","15":"product-type-simple"},"_downloadable":"yes","_download_limit":"-1","_downloadable_files":{"52bda25d-5f39-4339-865e-26304f9b1c84":{"id":"52bda25d-5f39-4339-865e-26304f9b1c84","name":"Dich vu chon ngay gio sinh","file":"http:\/\/tuvi.me\/wp-content\/uploads\/2023\/05\/stick_figure_bonus-1.png","enabled":true}},"_product_version":"9.3.3","_is_software":"no","_software_product_id":"","_software_license_key_prefix":"","_software_secret_product_key":"","_software_version":"","_software_activations":"","_software_upgradable_product":"","_software_upgrade_price":"","_software_upgrade_license_keys":"","_software_used_license_keys":"","_subscription_payment_sync_date":{"day":0,"month":"01"},"_subscription_price":"199","_subscription_trial_length":"0","_subscription_sign_up_fee":"","_subscription_period":"year","_subscription_period_interval":"1","_subscription_length":"1","_subscription_trial_period":"day","_subscription_limit":"no","uagb_featured_image_src":{"full":["https:\/\/i0.wp.com\/tuvi.me\/wp-content\/uploads\/2023\/10\/DichVuChonNgayGioSinh.png?fit=476%2C311&ssl=1",476,311,false],"thumbnail":["https:\/\/i0.wp.com\/tuvi.me\/wp-content\/uploads\/2023\/10\/DichVuChonNgayGioSinh.png?resize=150%2C150&ssl=1",150,150,true],"medium":["https:\/\/i0.wp.com\/tuvi.me\/wp-content\/uploads\/2023\/10\/DichVuChonNgayGioSinh.png?fit=300%2C196&ssl=1",300,196,true],"medium_large":["https:\/\/i0.wp.com\/tuvi.me\/wp-content\/uploads\/2023\/10\/DichVuChonNgayGioSinh.png?fit=476%2C311&ssl=1",476,311,true],"large":["https:\/\/i0.wp.com\/tuvi.me\/wp-content\/uploads\/2023\/10\/DichVuChonNgayGioSinh.png?fit=476%2C311&ssl=1",476,311,true],"1536x1536":["https:\/\/i0.wp.com\/tuvi.me\/wp-content\/uploads\/2023\/10\/DichVuChonNgayGioSinh.png?fit=476%2C311&ssl=1",476,311,true],"2048x2048":["https:\/\/i0.wp.com\/tuvi.me\/wp-content\/uploads\/2023\/10\/DichVuChonNgayGioSinh.png?fit=476%2C311&ssl=1",476,311,true],"et-pb-post-main-image":["https:\/\/i0.wp.com\/tuvi.me\/wp-content\/uploads\/2023\/10\/DichVuChonNgayGioSinh.png?resize=400%2C250&ssl=1",400,250,true],"et-pb-post-main-image-fullwidth":["https:\/\/i0.wp.com\/tuvi.me\/wp-content\/uploads\/2023\/10\/DichVuChonNgayGioSinh.png?resize=476%2C311&ssl=1",476,311,true],"et-pb-portfolio-image":["https:\/\/i0.wp.com\/tuvi.me\/wp-content\/uploads\/2023\/10\/DichVuChonNgayGioSinh.png?resize=400%2C284&ssl=1",400,284,true],"et-pb-portfolio-module-image":["https:\/\/i0.wp.com\/tuvi.me\/wp-content\/uploads\/2023\/10\/DichVuChonNgayGioSinh.png?resize=476%2C311&ssl=1",476,311,true],"et-pb-portfolio-image-single":["https:\/\/i0.wp.com\/tuvi.me\/wp-content\/uploads\/2023\/10\/DichVuChonNgayGioSinh.png?fit=476%2C311&ssl=1",476,311,true],"et-pb-gallery-module-image-portrait":["https:\/\/i0.wp.com\/tuvi.me\/wp-content\/uploads\/2023\/10\/DichVuChonNgayGioSinh.png?resize=400%2C311&ssl=1",400,311,true],"et-pb-post-main-image-fullwidth-large":["https:\/\/i0.wp.com\/tuvi.me\/wp-content\/uploads\/2023\/10\/DichVuChonNgayGioSinh.png?resize=476%2C311&ssl=1",476,311,true],"et-pb-image--responsive--desktop":["https:\/\/i0.wp.com\/tuvi.me\/wp-content\/uploads\/2023\/10\/DichVuChonNgayGioSinh.png?resize=476%2C311&ssl=1",476,311,true],"et-pb-image--responsive--tablet":["https:\/\/i0.wp.com\/tuvi.me\/wp-content\/uploads\/2023\/10\/DichVuChonNgayGioSinh.png?resize=476%2C311&ssl=1",476,311,true],"et-pb-image--responsive--phone":["https:\/\/i0.wp.com\/tuvi.me\/wp-content\/uploads\/2023\/10\/DichVuChonNgayGioSinh.png?resize=476%2C270&ssl=1",476,270,true],"mailpoet_newsletter_max":["https:\/\/i0.wp.com\/tuvi.me\/wp-content\/uploads\/2023\/10\/DichVuChonNgayGioSinh.png?fit=476%2C311&ssl=1",476,311,true],"woocommerce_thumbnail":["https:\/\/i0.wp.com\/tuvi.me\/wp-content\/uploads\/2023\/10\/DichVuChonNgayGioSinh.png?resize=300%2C311&ssl=1",300,311,true],"woocommerce_single":["https:\/\/i0.wp.com\/tuvi.me\/wp-content\/uploads\/2023\/10\/DichVuChonNgayGioSinh.png?fit=476%2C311&ssl=1",476,311,true],"woocommerce_gallery_thumbnail":["https:\/\/i0.wp.com\/tuvi.me\/wp-content\/uploads\/2023\/10\/DichVuChonNgayGioSinh.png?resize=100%2C100&ssl=1",100,100,true]},"uagb_author_info":{"display_name":"T\u1eed Vi Vi\u1ec7t Nam","author_link":"https:\/\/tuvi.me\/vi\/forum-participant\/0\/"},"uagb_comment_info":0,"uagb_excerpt":"Xin \u0111i\u1ec1n c\u00e1c th\u00f4ng tin sau li\u00ean quan \u0111\u1ebfn kho\u1ea3ng th\u1eddi gian d\u1ef1 sanh: [wpforms id=\"10530\"] Kho\u1ea3ng c\u00e1ch gi\u1eefa ng\u00e0y d\u1ef1 sanh s\u1edbm nh\u1ea5t v\u00e0 tr\u1ec5 nh\u1ea5t t\u1ed1i \u0111a 10 ng\u00e0y, v\u00ec vi\u1ec7c d\u1ef1 \u0111o\u00e1n ph\u1ea3i bao g\u1ed3m vi\u1ec7c tra \u00a0c\u1ee9u h\u1ebft 12 khung gi\u1edd m\u1ed7i ng\u00e0y , 120 khung gi\u1edd cho 10 ng\u00e0y t\u1ed1n&hellip;","jetpack_sharing_enabled":true,"_links":{"self":[{"href":"https:\/\/tuvi.me\/vi\/wp-json\/wp\/v2\/product\/9862","targetHints":{"allow":["GET"]}}],"collection":[{"href":"https:\/\/tuvi.me\/vi\/wp-json\/wp\/v2\/product"}],"about":[{"href":"https:\/\/tuvi.me\/vi\/wp-json\/wp\/v2\/types\/product"}],"replies":[{"embeddable":true,"href":"https:\/\/tuvi.me\/vi\/wp-json\/wp\/v2\/comments?post=9862"}],"wp:featuredmedia":[{"embeddable":true,"href":"https:\/\/tuvi.me\/vi\/wp-json\/wp\/v2\/media\/10054"}],"wp:attachment":[{"href":"https:\/\/tuvi.me\/vi\/wp-json\/wp\/v2\/media?parent=9862"}],"wp:term":[{"taxonomy":"product_brand","embeddable":true,"href":"https:\/\/tuvi.me\/vi\/wp-json\/wp\/v2\/product_brand?post=9862"},{"taxonomy":"product_cat","embeddable":true,"href":"https:\/\/tuvi.me\/vi\/wp-json\/wp\/v2\/product_cat?post=9862"},{"taxonomy":"product_tag","embeddable":true,"href":"https:\/\/tuvi.me\/vi\/wp-json\/wp\/v2\/product_tag?post=9862"}],"curies":[{"name":"wp","href":"https:\/\/api.w.org\/{rel}","templated":true}]}}