{"id":9856,"date":"2023-10-18T15:59:37","date_gmt":"2023-10-18T15:59:37","guid":{"rendered":"http:\/\/tuvi.me\/?post_type=product&#038;p=9856"},"modified":"2024-11-18T16:23:55","modified_gmt":"2024-11-18T16:23:55","slug":"sach-tong-hop-ve-tu-vi","status":"publish","type":"product","link":"https:\/\/tuvi.me\/vi\/shop\/sach-tong-hop-ve-tu-vi\/","title":{"rendered":"S\u00e1ch t\u1ed5ng h\u1ee3p v\u1ec1 T\u1eed Vi."},"content":{"rendered":"<h4 style=\"text-align: justify;\"><span style=\"font-family: arial, helvetica, sans-serif;\">Sau r\u1ea5t nhi\u1ec1u c\u00f4ng s\u1ee9c m\u1ea7y m\u00f2 t\u1ed5ng h\u1ee3p c\u00e1c ngu\u1ed3n s\u00e1ch t\u1eed vi nay ch\u00fang t\u00f4i ra m\u1eaft\u00a0 cu\u1ed1n s\u00e1ch n\u00e0y c\u00f3 tinh ch\u1ec9nh v\u00e0 hi\u1ec7u \u0111\u00ednh, nh\u1eb1m gi\u00fap qu\u00fd B\u1ea1n c\u00f3 c\u00e1i nh\u00ecn t\u1ed5ng h\u1ee3p v\u1ec1 t\u1eed vi. N\u1ebfu b\u1ea1n c\u1ea7n cu\u1ed1n s\u00e1ch t\u1ed5ng h\u1ee3p t\u1eed vi gi\u00fap m\u00ecnh t\u00ecm ki\u1ebfm th\u00f4ng tin l\u00fd gi\u1ea3i l\u00e1 s\u1ed1 c\u1ee7a b\u1ea3n th\u00e2n th\u00ec \u0111\u00e2y l\u00e0 cu\u1ed1n s\u00e1ch b\u1ea1n c\u1ea7n. Ch\u1ec9 c\u1ea7n b\u1ea1n c\u00f3 1 chi\u1ebfc m\u00e1y t\u00ednh v\u00e0 d\u00f9ng l\u1ec7nh Search l\u00e0 c\u00f3 th\u1ec3 t\u1ef1 t\u00ecm hi\u1ec3u. \u0110\u00e2y s\u1ebd l\u00e0 cu\u1ed1n s\u00e1ch t\u1eed vi \u0111\u1ec3 kh\u1edfi \u0111\u1ea7u vi\u1ec7c nghi\u00ean c\u1ee9u v\u00e0 t\u00ecm hi\u1ec3u t\u1eed vi.\u00a0<\/span><\/h4>\n","protected":false},"excerpt":{"rendered":"<h4 style=\"text-align: justify;\"><span style=\"font-family: arial, helvetica, sans-serif;\">Cu\u1ed1n s\u00e1ch t\u1ed5ng h\u1ee3p c\u00f3 tinh ch\u1ec9nh v\u00e0 hi\u1ec7u \u0111\u00ednh nh\u1eb1m gi\u00fap qu\u00fd B\u1ea1n c\u00f3 c\u00e1i nh\u00ecn t\u1ed5ng h\u1ee3p v\u1ec1 t\u1eed vi.<\/span><\/h4>\n","protected":false},"featured_media":7818,"comment_status":"open","ping_status":"closed","template":"","meta":{"_et_pb_use_builder":"","_et_pb_old_content":"","_et_gb_content_width":"","_uag_custom_page_level_css":""},"product_brand":[],"product_cat":[19],"product_tag":[],"class_list":{"0":"post-9856","1":"product","2":"type-product","3":"status-publish","4":"has-post-thumbnail","6":"product_cat-sach-tong-hop","8":"first","9":"instock","10":"sale","11":"downloadable","12":"virtual","13":"sold-individually","14":"purchasable","15":"product-type-simple"},"_downloadable":"yes","_download_limit":"9","_downloadable_files":{"25bb61d7-f0cd-4588-bcf6-e9e552696741":{"id":"25bb61d7-f0cd-4588-bcf6-e9e552696741","name":"S\u00e1ch t\u1ed5ng h\u1ee3p t\u1eed vi Vi\u1ec7t - V1","file":"http:\/\/tuvi.me\/wp-content\/uploads\/woocommerce_uploads\/2023\/10\/TuViTongHop_Sale_V1-jyuwgz.docx","enabled":true}},"_product_version":"9.4.1","_is_software":"no","_software_product_id":"","_software_license_key_prefix":"","_software_secret_product_key":"","_software_version":"","_software_activations":"","_software_upgradable_product":"","_software_upgrade_price":"","_software_upgrade_license_keys":"","_software_used_license_keys":"","_subscription_payment_sync_date":null,"_subscription_price":null,"_subscription_trial_length":null,"_subscription_sign_up_fee":null,"_subscription_period":null,"_subscription_period_interval":null,"_subscription_length":null,"_subscription_trial_period":null,"_subscription_limit":null,"uagb_featured_image_src":{"full":["https:\/\/i0.wp.com\/tuvi.me\/wp-content\/uploads\/2023\/05\/HinhDD.jpg?fit=343%2C443&ssl=1",343,443,false],"thumbnail":["https:\/\/i0.wp.com\/tuvi.me\/wp-content\/uploads\/2023\/05\/HinhDD.jpg?resize=150%2C150&ssl=1",150,150,true],"medium":["https:\/\/i0.wp.com\/tuvi.me\/wp-content\/uploads\/2023\/05\/HinhDD.jpg?fit=232%2C300&ssl=1",232,300,true],"medium_large":["https:\/\/i0.wp.com\/tuvi.me\/wp-content\/uploads\/2023\/05\/HinhDD.jpg?fit=343%2C443&ssl=1",343,443,true],"large":["https:\/\/i0.wp.com\/tuvi.me\/wp-content\/uploads\/2023\/05\/HinhDD.jpg?fit=343%2C443&ssl=1",343,443,true],"1536x1536":["https:\/\/i0.wp.com\/tuvi.me\/wp-content\/uploads\/2023\/05\/HinhDD.jpg?fit=343%2C443&ssl=1",343,443,true],"2048x2048":["https:\/\/i0.wp.com\/tuvi.me\/wp-content\/uploads\/2023\/05\/HinhDD.jpg?fit=343%2C443&ssl=1",343,443,true],"et-pb-post-main-image":["https:\/\/i0.wp.com\/tuvi.me\/wp-content\/uploads\/2023\/05\/HinhDD.jpg?resize=343%2C250&ssl=1",343,250,true],"et-pb-post-main-image-fullwidth":["https:\/\/i0.wp.com\/tuvi.me\/wp-content\/uploads\/2023\/05\/HinhDD.jpg?resize=343%2C443&ssl=1",343,443,true],"et-pb-portfolio-image":["https:\/\/i0.wp.com\/tuvi.me\/wp-content\/uploads\/2023\/05\/HinhDD.jpg?resize=343%2C284&ssl=1",343,284,true],"et-pb-portfolio-module-image":["https:\/\/i0.wp.com\/tuvi.me\/wp-content\/uploads\/2023\/05\/HinhDD.jpg?resize=343%2C382&ssl=1",343,382,true],"et-pb-portfolio-image-single":["https:\/\/i0.wp.com\/tuvi.me\/wp-content\/uploads\/2023\/05\/HinhDD.jpg?fit=343%2C443&ssl=1",343,443,true],"et-pb-gallery-module-image-portrait":["https:\/\/i0.wp.com\/tuvi.me\/wp-content\/uploads\/2023\/05\/HinhDD.jpg?resize=343%2C443&ssl=1",343,443,true],"et-pb-post-main-image-fullwidth-large":["https:\/\/i0.wp.com\/tuvi.me\/wp-content\/uploads\/2023\/05\/HinhDD.jpg?resize=343%2C443&ssl=1",343,443,true],"et-pb-image--responsive--desktop":["https:\/\/i0.wp.com\/tuvi.me\/wp-content\/uploads\/2023\/05\/HinhDD.jpg?resize=343%2C443&ssl=1",343,443,true],"et-pb-image--responsive--tablet":["https:\/\/i0.wp.com\/tuvi.me\/wp-content\/uploads\/2023\/05\/HinhDD.jpg?resize=343%2C443&ssl=1",343,443,true],"et-pb-image--responsive--phone":["https:\/\/i0.wp.com\/tuvi.me\/wp-content\/uploads\/2023\/05\/HinhDD.jpg?resize=343%2C270&ssl=1",343,270,true],"mailpoet_newsletter_max":["https:\/\/i0.wp.com\/tuvi.me\/wp-content\/uploads\/2023\/05\/HinhDD.jpg?fit=343%2C443&ssl=1",343,443,true],"woocommerce_thumbnail":["https:\/\/i0.wp.com\/tuvi.me\/wp-content\/uploads\/2023\/05\/HinhDD.jpg?resize=300%2C443&ssl=1",300,443,true],"woocommerce_single":["https:\/\/i0.wp.com\/tuvi.me\/wp-content\/uploads\/2023\/05\/HinhDD.jpg?fit=343%2C443&ssl=1",343,443,true],"woocommerce_gallery_thumbnail":["https:\/\/i0.wp.com\/tuvi.me\/wp-content\/uploads\/2023\/05\/HinhDD.jpg?resize=100%2C100&ssl=1",100,100,true]},"uagb_author_info":{"display_name":"T\u1eed Vi Vi\u1ec7t Nam","author_link":"https:\/\/tuvi.me\/vi\/forum-participant\/0\/"},"uagb_comment_info":0,"uagb_excerpt":"Cu\u1ed1n s\u00e1ch t\u1ed5ng h\u1ee3p c\u00f3 tinh ch\u1ec9nh v\u00e0 hi\u1ec7u \u0111\u00ednh nh\u1eb1m gi\u00fap qu\u00fd B\u1ea1n c\u00f3 c\u00e1i nh\u00ecn t\u1ed5ng h\u1ee3p v\u1ec1 t\u1eed vi.","jetpack_sharing_enabled":true,"_links":{"self":[{"href":"https:\/\/tuvi.me\/vi\/wp-json\/wp\/v2\/product\/9856","targetHints":{"allow":["GET"]}}],"collection":[{"href":"https:\/\/tuvi.me\/vi\/wp-json\/wp\/v2\/product"}],"about":[{"href":"https:\/\/tuvi.me\/vi\/wp-json\/wp\/v2\/types\/product"}],"replies":[{"embeddable":true,"href":"https:\/\/tuvi.me\/vi\/wp-json\/wp\/v2\/comments?post=9856"}],"wp:featuredmedia":[{"embeddable":true,"href":"https:\/\/tuvi.me\/vi\/wp-json\/wp\/v2\/media\/7818"}],"wp:attachment":[{"href":"https:\/\/tuvi.me\/vi\/wp-json\/wp\/v2\/media?parent=9856"}],"wp:term":[{"taxonomy":"product_brand","embeddable":true,"href":"https:\/\/tuvi.me\/vi\/wp-json\/wp\/v2\/product_brand?post=9856"},{"taxonomy":"product_cat","embeddable":true,"href":"https:\/\/tuvi.me\/vi\/wp-json\/wp\/v2\/product_cat?post=9856"},{"taxonomy":"product_tag","embeddable":true,"href":"https:\/\/tuvi.me\/vi\/wp-json\/wp\/v2\/product_tag?post=9856"}],"curies":[{"name":"wp","href":"https:\/\/api.w.org\/{rel}","templated":true}]}}