{"id":10044,"date":"2023-10-26T12:07:49","date_gmt":"2023-10-26T12:07:49","guid":{"rendered":"http:\/\/tuvi.me\/?post_type=product&#038;p=10044"},"modified":"2024-10-21T17:52:59","modified_gmt":"2024-10-21T17:52:59","slug":"xem-dinh-huong-nghe-nghiep","status":"publish","type":"product","link":"https:\/\/tuvi.me\/vi\/shop\/xem-dinh-huong-nghe-nghiep\/","title":{"rendered":"D\u1ecbch v\u1ee5 t\u00ecm \u0111\u1ecbnh h\u01b0\u1edbng Ngh\u1ec1 Nghi\u1ec7p"},"content":{"rendered":"<p><span style=\"font-size: 14pt;\"><strong>D\u1ecbch v\u1ee5 \u0110\u1ecbnh h\u01b0\u1edbng Ngh\u1ec1 Nghi\u1ec7p<\/strong><\/span><\/p>\n<p>V\u1edbi T\u1eed Vi, c\u00f3 th\u1ec3 x\u00e1c \u0111\u1ecbnh lo\u1ea1i c\u00f4ng vi\u1ec7c n\u00e0o ph\u00f9 h\u1ee3p v\u1edbi m\u1ed7i l\u00e1 s\u1ed1. M\u1eb7c d\u00f9 kh\u00e1 nhi\u1ec1u tr\u01b0\u1eddng h\u1ee3p kh\u00f4ng c\u00f3 ranh gi\u1edbi r\u00f5 r\u00e0ng trong c\u00e1c lo\u1ea1i c\u00f4ng vi\u1ec7c do th\u1eddi xa x\u01b0a c\u00e1c lo\u1ea1i c\u00f4ng vi\u1ec7c kh\u00f4ng \u0111a d\u1ea1ng nh\u01b0 hi\u1ec7n nay, vi\u1ec7c x\u00e1c \u0111\u1ecbnh c\u00f4ng vi\u1ec7c nh\u01b0 c\u00f4ng ch\u1ee9c, bu\u00f4n b\u00e1n nh\u1ecf v.v ho\u00e0n to\u00e0n c\u00f3 th\u1ec3 d\u1ef1 \u0111o\u00e1n theo s\u00e1ch x\u01b0a. V\u1eabn c\u1ea7n b\u1ed5 sung th\u00eam c\u00e1c th\u00f4ng tin c\u1ee7a c\u00e1c l\u00e1 s\u1ed1 g\u1ea7n xa c\u1eadp nh\u1eadt c\u00f4ng vi\u1ec7c th\u1ef1c t\u1ebf \u0111\u1ec3 c\u00f3 b\u1ee9c tranh t\u1ed5ng th\u1ec3 v\u1ec1 c\u00f4ng vi\u1ec7c.<\/p>\n<p>H\u00e3y \u0111i\u1ec1n th\u00f4ng tin ng\u00e0y gi\u1edd sinh l\u00e1 s\u1ed1 B\u1ea1n quan t\u00e2m v\u1ec1 \u0111\u1ecbnh h\u01b0\u1edbng ngh\u1ec1 nghi\u1ec7p v\u00e0o form sau:<\/p>\n<div class=\"wpforms-container \" id=\"wpforms-10535\"><form id=\"wpforms-form-10535\" class=\"wpforms-validate wpforms-form wpforms-ajax-form\" data-formid=\"10535\" method=\"post\" enctype=\"multipart\/form-data\" action=\"\/vi\/wp-json\/wp\/v2\/product\/10044\" data-token=\"21fa870bc277da68d0bb5dee40f7d5b7\"><noscript class=\"wpforms-error-noscript\">Vui l\u00f2ng b\u1eadt JavaScript trong tr\u00ecnh duy\u1ec7t c\u1ee7a b\u1ea1n \u0111\u1ec3 ho\u00e0n th\u00e0nh Form n\u00e0y.<\/noscript><div class=\"wpforms-field-container\"><div id=\"wpforms-10535-field_12-container\" class=\"wpforms-field wpforms-field-radio wpforms-list-2-columns\" data-field-id=\"12\"><label class=\"wpforms-field-label\" for=\"wpforms-10535-field_12\">Gi\u1edbi T\u00ednh c\u1ee7a l\u00e1 s\u1ed1 b\u1ea1n quan t\u00e2m <span class=\"wpforms-required-label\">*<\/span><\/label><ul id=\"wpforms-10535-field_12\" class=\"wpforms-field-required\"><li class=\"choice-1 depth-1\"><input type=\"radio\" id=\"wpforms-10535-field_12_1\" name=\"wpforms[fields][12]\" value=\"Nam\" required ><label class=\"wpforms-field-label-inline\" for=\"wpforms-10535-field_12_1\">Nam<\/label><\/li><li class=\"choice-2 depth-1\"><input type=\"radio\" id=\"wpforms-10535-field_12_2\" name=\"wpforms[fields][12]\" value=\"N\u1eef\" required ><label class=\"wpforms-field-label-inline\" for=\"wpforms-10535-field_12_2\">N\u1eef<\/label><\/li><\/ul><\/div><div id=\"wpforms-10535-field_16-container\" class=\"wpforms-field wpforms-field-select wpforms-field-select-style-classic\" data-field-id=\"16\"><label class=\"wpforms-field-label\" for=\"wpforms-10535-field_16\">Ng\u00e0y sinh:  <span class=\"wpforms-required-label\">*<\/span><\/label><select id=\"wpforms-10535-field_16\" class=\"wpforms-field-small wpforms-field-required\" name=\"wpforms[fields][16]\" required=\"required\"><option value=\"1\" >1<\/option><option value=\"2\" >2<\/option><option value=\"3\" >3<\/option><option value=\"4\" >4<\/option><option value=\"5\" >5<\/option><option value=\"6\" >6<\/option><option value=\"7\" >7<\/option><option value=\"8\" >8<\/option><option value=\"9\" >9<\/option><option value=\"10\" >10<\/option><option value=\"11\" >11<\/option><option value=\"12\" >12<\/option><option value=\"13\" >13<\/option><option value=\"14\" >14<\/option><option value=\"15\" >15<\/option><option value=\"16\" >16<\/option><option value=\"17\" >17<\/option><option value=\"18\" >18<\/option><option value=\"19\" >19<\/option><option value=\"20\" >20<\/option><option value=\"21\" >21<\/option><option value=\"22\" >22<\/option><option value=\"23\" >23<\/option><option value=\"24\" >24<\/option><option value=\"25\" >25<\/option><option value=\"26\" >26<\/option><option value=\"27\" >27<\/option><option value=\"28\" >28<\/option><option value=\"29\" >29<\/option><option value=\"30\" >30<\/option><option value=\"31\" >31<\/option><\/select><div class=\"wpforms-field-description\">Ch\u1ecdn  ng\u00e0y  sinh  c\u1ee7a  l\u00e1 s\u1ed1 theo \u00f4 tr\u00ean.<\/div><\/div><div id=\"wpforms-10535-field_17-container\" class=\"wpforms-field wpforms-field-select wpforms-field-select-style-classic\" data-field-id=\"17\"><label class=\"wpforms-field-label\" for=\"wpforms-10535-field_17\">Th\u00e1ng sinh: <span class=\"wpforms-required-label\">*<\/span><\/label><select id=\"wpforms-10535-field_17\" class=\"wpforms-field-small wpforms-field-required\" name=\"wpforms[fields][17]\" required=\"required\"><option value=\"1\" >1<\/option><option value=\"2\" >2<\/option><option value=\"3\" >3<\/option><option value=\"4\" >4<\/option><option value=\"5\" >5<\/option><option value=\"6\" >6<\/option><option value=\"7\" >7<\/option><option value=\"8\" >8<\/option><option value=\"9\" >9<\/option><option value=\"10\" >10<\/option><option value=\"11\" >11<\/option><option value=\"12\" >12<\/option><\/select><div class=\"wpforms-field-description\">Ch\u1ecdn  th\u00e1ng sinh  c\u1ee7a  l\u00e1 s\u1ed1 theo \u00f4 tr\u00ean.<\/div><\/div><div id=\"wpforms-10535-field_22-container\" class=\"wpforms-field wpforms-field-number wpforms-conditional-trigger\" data-field-id=\"22\"><label class=\"wpforms-field-label\" for=\"wpforms-10535-field_22\">N\u0103m sinh <span class=\"wpforms-required-label\">*<\/span><\/label><input type=\"number\" pattern=\"\\d*\" id=\"wpforms-10535-field_22\" class=\"wpforms-field-medium wpforms-field-required\" name=\"wpforms[fields][22]\" value=\"2000\" placeholder=\"N\u0103m sinh\" required><div class=\"wpforms-field-description\">H\u00e3y \u0111i\u1ec1n n\u0103m sinh trong kho\u1ea3ng 1930-2030<\/div><\/div><div id=\"wpforms-10535-field_24-container\" class=\"wpforms-field wpforms-field-text wpforms-conditional-field wpforms-conditional-show\" data-field-id=\"24\" style=\"display:none;\"><label class=\"wpforms-field-label\" for=\"wpforms-10535-field_24\">N\u0103m sinh ch\u1ec9 trong kho\u1ea3ng 1930 \u0111\u1ebfn 2030<\/label><input type=\"text\" id=\"wpforms-10535-field_24\" class=\"wpforms-field-medium\" name=\"wpforms[fields][24]\" ><div class=\"wpforms-field-description\">B\u00e1o l\u1ed7i n\u0103m sinh ngo\u00e0i ph\u1ea1m vi.<\/div><\/div><div id=\"wpforms-10535-field_15-container\" class=\"wpforms-field wpforms-field-select wpforms-field-select-style-classic\" data-field-id=\"15\"><label class=\"wpforms-field-label\" for=\"wpforms-10535-field_15\">Gi\u1edd Sinh l\u00e1 s\u1ed1 <span class=\"wpforms-required-label\">*<\/span><\/label><select id=\"wpforms-10535-field_15\" class=\"wpforms-field-medium wpforms-field-required\" name=\"wpforms[fields][15]\" required=\"required\"><option value=\"Gi\u1edd T\u00fd (T\u1eeb 23 gi\u1edd t\u1ed1i h\u00f4m tr\u01b0\u1edbc - tr\u01b0\u1edbc1h s\u00e1ng)\" >Gi\u1edd T\u00fd (T\u1eeb 23 gi\u1edd t\u1ed1i h\u00f4m tr\u01b0\u1edbc - tr\u01b0\u1edbc1h s\u00e1ng)<\/option><option value=\"Gi\u1edd S\u1eedu (T\u1eeb sau 1h- \u0111\u1ebfn tr\u01b0\u1edbc 3h)\" >Gi\u1edd S\u1eedu (T\u1eeb sau 1h- \u0111\u1ebfn tr\u01b0\u1edbc 3h)<\/option><option value=\"Gi\u1edd D\u1ea7n (T\u1eeb sau 3h \u0111\u1ebfn tr\u01b0\u1edbc 5h)\" >Gi\u1edd D\u1ea7n (T\u1eeb sau 3h \u0111\u1ebfn tr\u01b0\u1edbc 5h)<\/option><option value=\"Gi\u1edd M\u00e3o (T\u1eeb sau 5h \u0111\u1ebfn tr\u01b0\u1edbc 7h)\" >Gi\u1edd M\u00e3o (T\u1eeb sau 5h \u0111\u1ebfn tr\u01b0\u1edbc 7h)<\/option><option value=\"Gi\u1edd Th\u00ecn (T\u1eeb sau 7h \u0111\u1ebfn tr\u01b0\u1edbc 9h)\" >Gi\u1edd Th\u00ecn (T\u1eeb sau 7h \u0111\u1ebfn tr\u01b0\u1edbc 9h)<\/option><option value=\"Gi\u1edd T\u1ecb (T\u1eeb sau 9h \u0111\u1ebfn tr\u01b0\u1edbc 11h)\" >Gi\u1edd T\u1ecb (T\u1eeb sau 9h \u0111\u1ebfn tr\u01b0\u1edbc 11h)<\/option><option value=\"Gi\u1edd Ng\u1ecd (T\u1eeb sau 11h \u0111\u1ebfn tr\u01b0\u1edbc 13h)\" >Gi\u1edd Ng\u1ecd (T\u1eeb sau 11h \u0111\u1ebfn tr\u01b0\u1edbc 13h)<\/option><option value=\"Gi\u1edd M\u00f9i (T\u1eeb sau 13h \u0111\u1ebfn tr\u01b0\u1edbc 15h)\" >Gi\u1edd M\u00f9i (T\u1eeb sau 13h \u0111\u1ebfn tr\u01b0\u1edbc 15h)<\/option><option value=\"Gi\u1edd Th\u00e2n (T\u1eeb sau 15h \u0111\u1ebfn tr\u01b0\u1edbc 17h)\" >Gi\u1edd Th\u00e2n (T\u1eeb sau 15h \u0111\u1ebfn tr\u01b0\u1edbc 17h)<\/option><option value=\"Gi\u1edd D\u1eadu (T\u1eeb sau 17h \u0111\u1ebfn tr\u01b0\u1edbc 19h)\" >Gi\u1edd D\u1eadu (T\u1eeb sau 17h \u0111\u1ebfn tr\u01b0\u1edbc 19h)<\/option><option value=\"Gi\u1edd Tu\u1ea5t (T\u1eeb sau 19h \u0111\u1ebfn tr\u01b0\u1edbc 21h)\" >Gi\u1edd Tu\u1ea5t (T\u1eeb sau 19h \u0111\u1ebfn tr\u01b0\u1edbc 21h)<\/option><option value=\"Gi\u1edd H\u1ee3i (T\u1eeb sau 21h \u0111\u1ebfn tr\u01b0\u1edbc 23h)\" >Gi\u1edd H\u1ee3i (T\u1eeb sau 21h \u0111\u1ebfn tr\u01b0\u1edbc 23h)<\/option><\/select><div class=\"wpforms-field-description\">v\u00ed d\u1ee5: ng\u00e0y sinh \u1edf tr\u00ean l\u00e0 ng\u00e0y 10 v\u00e0 gi\u1edd sinh l\u00e0 t\u1eeb 23h h\u00f4m 9 \u0111\u1ebfn tr\u01b0\u1edbc 1 gi\u1edd s\u00e1ng ng\u00e0y 10 th\u00ec t\u00ednh l\u00e0 gi\u1edb t\u00fd ng\u00e0y 10.<\/div><\/div><div id=\"wpforms-10535-field_3-container\" class=\"wpforms-field wpforms-field-divider\" data-field-id=\"3\"><h3 id=\"wpforms-10535-field_3\" name=\"wpforms[fields][3]\">Y\u00eau c\u1ea7u kh\u00e1c c\u1ee7a B\u1ea1n (n\u1ebfu c\u00f3).<\/h3><\/div><div id=\"wpforms-10535-field_2-container\" class=\"wpforms-field wpforms-field-textarea\" data-field-id=\"2\"><label class=\"wpforms-field-label\" for=\"wpforms-10535-field_2\">Xin ghi chi ti\u1ebft y\u00eau c\u1ea7u c\u1ee7a b\u1ea1n (n\u1ebfu c\u00f3)<\/label><textarea id=\"wpforms-10535-field_2\" class=\"wpforms-field-medium\" name=\"wpforms[fields][2]\" ><\/textarea><\/div><\/div><!-- .wpforms-field-container --><div class=\"wpforms-submit-container\" ><input type=\"hidden\" name=\"wpforms[id]\" value=\"10535\"><input type=\"hidden\" name=\"wpforms[author]\" value=\"1\"><button type=\"submit\" name=\"wpforms[submit]\" id=\"wpforms-submit-10535\" class=\"wpforms-submit\" data-alt-text=\"Sending...\" data-submit-text=\"\" aria-live=\"assertive\" value=\"wpforms-submit\"><\/button><img loading=\"lazy\" decoding=\"async\" src=\"https:\/\/tuvi.me\/wp-content\/plugins\/wpforms\/assets\/images\/submit-spin.svg\" class=\"wpforms-submit-spinner\" style=\"display: none;\" width=\"26\" height=\"26\" alt=\"\u0110ang t\u1ea3i\"><\/div><\/form><\/div>  <!-- .wpforms-container -->\n<p>Chi ph\u00ed d\u1ecbch v\u1ee5 n\u00e0y g\u1ed3m v\u00e0 ch\u1ec9 gi\u1edbi h\u1ea1n trong c\u00e1c c\u00f4ng \u0111o\u1ea1n sau.<\/p>\n<p>1- Sau khi bi\u1ebft gi\u1edd sinh b\u1ea1n c\u1ea7n xem, ch\u00fang t\u00f4i s\u1ebd g\u1eedi b\u1eb1ng Email hay qua share link gmail hay dropbox t\u1ed5ng c\u1ed9ng 3 Files t\u01b0\u01a1ng \u1ee9ng v\u1edbi 3 cung\u00a0 c\u1ed1 \u0111\u1ecbnh tr\u00ean l\u00e1 s\u1ed1 l\u00e0 M\u1ec7nh, T\u00e0i, Quan, k\u00e8m c\u00e1c nh\u1eadn x\u00e9t c\u1ee7a c\u00e1c chuy\u00ean gia v\u1ec1 c\u00e1c c\u00f4ng vi\u1ec7c th\u00edch h\u1ee3p cho l\u00e1 s\u1ed1.<\/p>\n<p>2- D\u1ecbch v\u1ee5 c\u1ee7a ch\u00fang t\u00f4i g\u00f3i g\u1ecdn v\u00e0 coi nh\u01b0 ho\u00e0n t\u1ea5t sau khi \u0111\u00e3 g\u1eedi c\u00e1c t\u00e0i li\u1ec7u nh\u01b0 tr\u00ean .\u00a0 \u0110\u1ec3 bi\u1ebft chi ti\u1ebft c\u00e1ch lu\u1eadn gi\u1ea3i xin xem video tr\u00ean youtube v\u00e0 c\u00e1c trao \u0111\u1ed5i t\u1ea1i c\u00e1c forum.<\/p>\n<p>&nbsp;<\/p>\n","protected":false},"excerpt":{"rendered":"<p>T\u1ef1 xem \u0110\u1ecbnh h\u01b0\u1edbng Ngh\u1ec1 Nghi\u1ec7p<\/p>\n","protected":false},"featured_media":10060,"comment_status":"open","ping_status":"closed","template":"","meta":{"_et_pb_use_builder":"on","_et_pb_old_content":"<span style=\"font-size: 14pt;\"><strong>D\u1ecbch v\u1ee5 \u0110\u1ecbnh h\u01b0\u1edbng Ngh\u1ec1 Nghi\u1ec7p<\/strong><\/span>\r\n\r\nV\u1edbi T\u1eed Vi, c\u00f3 th\u1ec3 x\u00e1c \u0111\u1ecbnh lo\u1ea1i c\u00f4ng vi\u1ec7c n\u00e0o ph\u00f9 h\u1ee3p v\u1edbi m\u1ed7i l\u00e1 s\u1ed1. M\u1eb7c d\u00f9 kh\u00e1 nhi\u1ec1u tr\u01b0\u1eddng h\u1ee3p kh\u00f4ng c\u00f3 ranh gi\u1edbi r\u00f5 r\u00e0ng trong c\u00e1c lo\u1ea1i c\u00f4ng vi\u1ec7c do th\u1eddi xa x\u01b0a c\u00e1c lo\u1ea1i c\u00f4ng vi\u1ec7c kh\u00f4ng \u0111a d\u1ea1ng nh\u01b0 hi\u1ec7n nay, vi\u1ec7c x\u00e1c \u0111\u1ecbnh c\u00f4ng vi\u1ec7c nh\u01b0 c\u00f4ng ch\u1ee9c, bu\u00f4n b\u00e1n nh\u1ecf v.v ho\u00e0n to\u00e0n c\u00f3 th\u1ec3 d\u1ef1 \u0111o\u00e1n theo s\u00e1ch x\u01b0a. V\u1eabn c\u1ea7n b\u1ed5 sung th\u00eam c\u00e1c th\u00f4ng tin c\u1ee7a c\u00e1c l\u00e1 s\u1ed1 g\u1ea7n xa c\u1eadp nh\u1eadt c\u00f4ng vi\u1ec7c th\u1ef1c t\u1ebf \u0111\u1ec3 c\u00f3 b\u1ee9c tranh t\u1ed5ng th\u1ec3 v\u1ec1 c\u00f4ng vi\u1ec7c.\r\n\r\nH\u00e3y \u0111i\u1ec1n th\u00f4ng tin ng\u00e0y gi\u1edd sinh l\u00e1 s\u1ed1 B\u1ea1n quan t\u00e2m v\u1ec1 \u0111\u1ecbnh h\u01b0\u1edbng ngh\u1ec1 nghi\u1ec7p v\u00e0o form sau:\r\n\r\n[wpforms id=\"10535\"]\r\n\r\nChi ph\u00ed d\u1ecbch v\u1ee5 n\u00e0y g\u1ed3m v\u00e0 ch\u1ec9 gi\u1edbi h\u1ea1n trong c\u00e1c c\u00f4ng \u0111o\u1ea1n sau.\r\n\r\n1- Sau khi bi\u1ebft gi\u1edd sinh b\u1ea1n c\u1ea7n xem, ch\u00fang t\u00f4i s\u1ebd g\u1eedi b\u1eb1ng Email hay qua share link gmail hay dropbox t\u1ed5ng c\u1ed9ng 3 Files t\u01b0\u01a1ng \u1ee9ng v\u1edbi 3 cung\u00a0 c\u1ed1 \u0111\u1ecbnh tr\u00ean l\u00e1 s\u1ed1 l\u00e0 M\u1ec7nh, T\u00e0i, Quan, k\u00e8m c\u00e1c nh\u1eadn x\u00e9t c\u1ee7a c\u00e1c chuy\u00ean gia v\u1ec1 c\u00e1c c\u00f4ng vi\u1ec7c th\u00edch h\u1ee3p cho l\u00e1 s\u1ed1.\r\n\r\n2- D\u1ecbch v\u1ee5 c\u1ee7a ch\u00fang t\u00f4i g\u00f3i g\u1ecdn v\u00e0 coi nh\u01b0 ho\u00e0n t\u1ea5t sau khi \u0111\u00e3 g\u1eedi c\u00e1c t\u00e0i li\u1ec7u nh\u01b0 tr\u00ean .\u00a0 \u0110\u1ec3 bi\u1ebft chi ti\u1ebft c\u00e1ch lu\u1eadn gi\u1ea3i xin xem video tr\u00ean youtube v\u00e0 c\u00e1c trao \u0111\u1ed5i t\u1ea1i c\u00e1c forum.\r\n\r\n&nbsp;","_et_gb_content_width":"","_uag_custom_page_level_css":""},"product_brand":[],"product_cat":[119],"product_tag":[],"class_list":{"0":"post-10044","1":"product","2":"type-product","3":"status-publish","4":"has-post-thumbnail","6":"product_cat-dinh-huong-nghe-nghiep","8":"first","9":"instock","10":"sale","11":"downloadable","12":"virtual","13":"sold-individually","14":"purchasable","15":"product-type-simple"},"_downloadable":"yes","_download_limit":"-1","_downloadable_files":{"9c77575d-e1f3-481a-b217-f25871ea86a4":{"id":"9c77575d-e1f3-481a-b217-f25871ea86a4","name":"Xem \u0110\u1ecbnh h\u01b0\u1edbng Ngh\u1ec1 Nghi\u1ec7p","file":"http:\/\/tuvi.me\/wp-content\/uploads\/woocommerce_uploads\/2023\/10\/DinhHuongNgheNghiep-0e7ssh.png","enabled":true}},"_product_version":"9.3.3","_is_software":"no","_software_product_id":"","_software_license_key_prefix":"","_software_secret_product_key":"","_software_version":"","_software_activations":"","_software_upgradable_product":"","_software_upgrade_price":"","_software_upgrade_license_keys":"","_software_used_license_keys":"","_subscription_payment_sync_date":null,"_subscription_price":null,"_subscription_trial_length":null,"_subscription_sign_up_fee":null,"_subscription_period":null,"_subscription_period_interval":null,"_subscription_length":null,"_subscription_trial_period":null,"_subscription_limit":null,"uagb_featured_image_src":{"full":["https:\/\/i0.wp.com\/tuvi.me\/wp-content\/uploads\/2023\/10\/DinhHuongNgheNghiep.png?fit=394%2C315&ssl=1",394,315,false],"thumbnail":["https:\/\/i0.wp.com\/tuvi.me\/wp-content\/uploads\/2023\/10\/DinhHuongNgheNghiep.png?resize=150%2C150&ssl=1",150,150,true],"medium":["https:\/\/i0.wp.com\/tuvi.me\/wp-content\/uploads\/2023\/10\/DinhHuongNgheNghiep.png?fit=300%2C240&ssl=1",300,240,true],"medium_large":["https:\/\/i0.wp.com\/tuvi.me\/wp-content\/uploads\/2023\/10\/DinhHuongNgheNghiep.png?fit=394%2C315&ssl=1",394,315,true],"large":["https:\/\/i0.wp.com\/tuvi.me\/wp-content\/uploads\/2023\/10\/DinhHuongNgheNghiep.png?fit=394%2C315&ssl=1",394,315,true],"1536x1536":["https:\/\/i0.wp.com\/tuvi.me\/wp-content\/uploads\/2023\/10\/DinhHuongNgheNghiep.png?fit=394%2C315&ssl=1",394,315,true],"2048x2048":["https:\/\/i0.wp.com\/tuvi.me\/wp-content\/uploads\/2023\/10\/DinhHuongNgheNghiep.png?fit=394%2C315&ssl=1",394,315,true],"et-pb-post-main-image":["https:\/\/i0.wp.com\/tuvi.me\/wp-content\/uploads\/2023\/10\/DinhHuongNgheNghiep.png?resize=394%2C250&ssl=1",394,250,true],"et-pb-post-main-image-fullwidth":["https:\/\/i0.wp.com\/tuvi.me\/wp-content\/uploads\/2023\/10\/DinhHuongNgheNghiep.png?resize=394%2C315&ssl=1",394,315,true],"et-pb-portfolio-image":["https:\/\/i0.wp.com\/tuvi.me\/wp-content\/uploads\/2023\/10\/DinhHuongNgheNghiep.png?resize=394%2C284&ssl=1",394,284,true],"et-pb-portfolio-module-image":["https:\/\/i0.wp.com\/tuvi.me\/wp-content\/uploads\/2023\/10\/DinhHuongNgheNghiep.png?resize=394%2C315&ssl=1",394,315,true],"et-pb-portfolio-image-single":["https:\/\/i0.wp.com\/tuvi.me\/wp-content\/uploads\/2023\/10\/DinhHuongNgheNghiep.png?fit=394%2C315&ssl=1",394,315,true],"et-pb-gallery-module-image-portrait":["https:\/\/i0.wp.com\/tuvi.me\/wp-content\/uploads\/2023\/10\/DinhHuongNgheNghiep.png?resize=394%2C315&ssl=1",394,315,true],"et-pb-post-main-image-fullwidth-large":["https:\/\/i0.wp.com\/tuvi.me\/wp-content\/uploads\/2023\/10\/DinhHuongNgheNghiep.png?resize=394%2C315&ssl=1",394,315,true],"et-pb-image--responsive--desktop":["https:\/\/i0.wp.com\/tuvi.me\/wp-content\/uploads\/2023\/10\/DinhHuongNgheNghiep.png?resize=394%2C315&ssl=1",394,315,true],"et-pb-image--responsive--tablet":["https:\/\/i0.wp.com\/tuvi.me\/wp-content\/uploads\/2023\/10\/DinhHuongNgheNghiep.png?resize=394%2C315&ssl=1",394,315,true],"et-pb-image--responsive--phone":["https:\/\/i0.wp.com\/tuvi.me\/wp-content\/uploads\/2023\/10\/DinhHuongNgheNghiep.png?resize=394%2C270&ssl=1",394,270,true],"mailpoet_newsletter_max":["https:\/\/i0.wp.com\/tuvi.me\/wp-content\/uploads\/2023\/10\/DinhHuongNgheNghiep.png?fit=394%2C315&ssl=1",394,315,true],"woocommerce_thumbnail":["https:\/\/i0.wp.com\/tuvi.me\/wp-content\/uploads\/2023\/10\/DinhHuongNgheNghiep.png?resize=300%2C315&ssl=1",300,315,true],"woocommerce_single":["https:\/\/i0.wp.com\/tuvi.me\/wp-content\/uploads\/2023\/10\/DinhHuongNgheNghiep.png?fit=394%2C315&ssl=1",394,315,true],"woocommerce_gallery_thumbnail":["https:\/\/i0.wp.com\/tuvi.me\/wp-content\/uploads\/2023\/10\/DinhHuongNgheNghiep.png?resize=100%2C100&ssl=1",100,100,true]},"uagb_author_info":{"display_name":"T\u1eed Vi Vi\u1ec7t Nam","author_link":"https:\/\/tuvi.me\/vi\/forum-participant\/0\/"},"uagb_comment_info":0,"uagb_excerpt":"T\u1ef1 xem \u0110\u1ecbnh h\u01b0\u1edbng Ngh\u1ec1 Nghi\u1ec7p","jetpack_sharing_enabled":true,"_links":{"self":[{"href":"https:\/\/tuvi.me\/vi\/wp-json\/wp\/v2\/product\/10044","targetHints":{"allow":["GET"]}}],"collection":[{"href":"https:\/\/tuvi.me\/vi\/wp-json\/wp\/v2\/product"}],"about":[{"href":"https:\/\/tuvi.me\/vi\/wp-json\/wp\/v2\/types\/product"}],"replies":[{"embeddable":true,"href":"https:\/\/tuvi.me\/vi\/wp-json\/wp\/v2\/comments?post=10044"}],"wp:featuredmedia":[{"embeddable":true,"href":"https:\/\/tuvi.me\/vi\/wp-json\/wp\/v2\/media\/10060"}],"wp:attachment":[{"href":"https:\/\/tuvi.me\/vi\/wp-json\/wp\/v2\/media?parent=10044"}],"wp:term":[{"taxonomy":"product_brand","embeddable":true,"href":"https:\/\/tuvi.me\/vi\/wp-json\/wp\/v2\/product_brand?post=10044"},{"taxonomy":"product_cat","embeddable":true,"href":"https:\/\/tuvi.me\/vi\/wp-json\/wp\/v2\/product_cat?post=10044"},{"taxonomy":"product_tag","embeddable":true,"href":"https:\/\/tuvi.me\/vi\/wp-json\/wp\/v2\/product_tag?post=10044"}],"curies":[{"name":"wp","href":"https:\/\/api.w.org\/{rel}","templated":true}]}}