{"id":11904,"date":"2026-03-14T22:48:53","date_gmt":"2026-03-14T15:48:53","guid":{"rendered":"https:\/\/tuvi.me\/?page_id=11904"},"modified":"2026-03-24T13:23:10","modified_gmt":"2026-03-24T06:23:10","slug":"login","status":"publish","type":"page","link":"https:\/\/tuvi.me\/vi\/login\/","title":{"rendered":"Truy c\u1eadp"},"content":{"rendered":"<p>[et_pb_section fb_built=&#8221;1&#8243; _builder_version=&#8221;4.27.4&#8243; _module_preset=&#8221;default&#8221; background_color=&#8221;#FFFFFF&#8221; global_colors_info=&#8221;{}&#8221;][et_pb_row column_structure=&#8221;3_5,2_5&#8243; _builder_version=&#8221;4.27.4&#8243; _module_preset=&#8221;default&#8221; background_color=&#8221;#FFFFFF&#8221; width=&#8221;93.8%&#8221; max_width=&#8221;1100px&#8221; custom_margin=&#8221;40px||40px||false|false&#8221; custom_padding=&#8221;40px||40px||false|false&#8221; global_colors_info=&#8221;{}&#8221;][et_pb_column type=&#8221;3_5&#8243; _builder_version=&#8221;4.27.4&#8243; _module_preset=&#8221;default&#8221; background_color=&#8221;#FFFFFF&#8221; custom_padding=&#8221;30px|30px|30px|30px|false|false&#8221; border_radii=&#8221;on|16px|16px|16px|16px&#8221; box_shadow_style=&#8221;preset2&#8243; global_colors_info=&#8221;{}&#8221;][et_pb_text _builder_version=&#8221;4.27.4&#8243; _module_preset=&#8221;default&#8221; global_colors_info=&#8221;{}&#8221;]<\/p>\n<h1>\u0110\u0103ng nh\u1eadp<\/h1>\n<p><span>\n<div class=\"mp_wrapper mp_login_form\">\n                  <!-- mp-login-form-start -->     <form name=\"mepr_loginform\" id=\"mepr_loginform\" class=\"mepr-form\" action=\"https:\/\/tuvi.me\/vi\/login\/\" method=\"post\">\n            <div class=\"mp-form-row mepr_username\">\n        <div class=\"mp-form-label\">\n                              <label for=\"user_login\">T\u00ean hay E-mail<\/label>\n                  <\/div>\n        <input type=\"text\" name=\"log\" id=\"user_login\" value=\"\" \/>\n      <\/div>\n      <div class=\"mp-form-row mepr_password\">\n        <div class=\"mp-form-label\">\n          <label for=\"user_pass\">M\u1eadt kh\u1ea9u<\/label>\n                    <div class=\"mp-hide-pw\">\n            <input type=\"password\" name=\"pwd\" id=\"user_pass\" value=\"\" \/>\n            <button type=\"button\" class=\"button mp-hide-pw hide-if-no-js\" data-toggle=\"0\" aria-label=\"Ch\u01b0\u01a1ng tr\u00ecnh m\u1eadt kh\u1ea9u\">\n              <span class=\"dashicons dashicons-visibility\" aria-hidden=\"true\"><\/span>\n            <\/button>\n          <\/div>\n        <\/div>\n      <\/div>\n            <div>\n        <label><input name=\"rememberme\" type=\"checkbox\" id=\"rememberme\" value=\"forever\" \/> Nh\u1edb T\u00f4i<\/label>\n      <\/div>\n      <div class=\"mp-spacer\">&nbsp;<\/div>\n      <div class=\"submit\">\n        <input type=\"submit\" name=\"wp-submit\" id=\"wp-submit\" class=\"button-primary mepr-share-button \" value=\"\u0110\u0103ng Nh\u1eadp\" \/>\n        <input type=\"hidden\" name=\"redirect_to\" value=\"https:\/\/tuvi.me\/tai-khoan\" \/>\n        <input type=\"hidden\" name=\"mepr_process_login_form\" value=\"true\" \/>\n        <input type=\"hidden\" name=\"mepr_is_login_page\" value=\"true\" \/>\n      <\/div>\n    <\/form>\n    <div class=\"mp-spacer\">&nbsp;<\/div>\n    <div class=\"mepr-login-actions\">\n      <a href=\"https:\/\/tuvi.me\/vi\/login\/?action=forgot_password\">Qu\u00ean M\u1eadt Kh\u1ea9u<\/a>\n    <\/div>\n\n      \n    <!-- mp-login-form-end --> \n  <\/div>\n<\/span><\/p>\n<p><span>Ch\u01b0a c\u00f3 t\u00e0i kho\u1ea3n? \u0110\u0103ng k\u00fd mi\u1ec5n ph\u00ed<\/span><\/p>\n<p>[\/et_pb_text][et_pb_text _builder_version=&#8221;4.27.4&#8243; _module_preset=&#8221;default&#8221; hover_enabled=&#8221;0&#8243; global_colors_info=&#8221;{}&#8221; sticky_enabled=&#8221;0&#8243;]<a class=\"login-link\" href=\"?action=forgot_password\">Qu\u00ean m\u1eadt kh\u1ea9u?<\/a><\/p>\n<p><a class=\"login-btn login-btn-free\" href=\"https:\/\/tuvi.me\/register\/dang-ky-tham-gia-dien-dan\/\" title=\"Register\">\u0110\u0103ng k\u00fd mi\u1ec5n ph\u00ed<\/a><\/p>\n<p><a class=\"login-btn login-btn-premium\" href=\"https:\/\/tuvi.me\/premium-forum\/\" title=\"Premium\">N\u00e2ng c\u1ea5p Premium<\/a>[\/et_pb_text][\/et_pb_column][et_pb_column type=&#8221;2_5&#8243; _builder_version=&#8221;4.27.4&#8243; _module_preset=&#8221;default&#8221; global_colors_info=&#8221;{}&#8221;][et_pb_image src=&#8221;https:\/\/tuvi.me\/wp-content\/uploads\/2024\/10\/cropped-TuviViet_Img-2.png&#8221; title_text=&#8221;TuviViet Img&#8221; _builder_version=&#8221;4.27.4&#8243; _module_preset=&#8221;default&#8221; custom_padding=&#8221;||0px|||&#8221; global_colors_info=&#8221;{}&#8221;][\/et_pb_image][et_pb_text _builder_version=&#8221;4.27.4&#8243; _module_preset=&#8221;default&#8221; global_colors_info=&#8221;{}&#8221;]<\/p>\n<ul>\n<li data-section-id=\"10354g4\" data-start=\"1413\" data-end=\"1444\">\n<p data-start=\"1415\" data-end=\"1444\">\u201cH\u1ecfi mi\u1ec5n ph\u00ed trong di\u1ec5n \u0111\u00e0n\u201d<\/p>\n<\/li>\n<li data-section-id=\"14cj4tf\" data-start=\"1448\" data-end=\"1482\">\n<p data-start=\"1450\" data-end=\"1482\">\u201cPremiumForum + h\u1ecfi ri\u00eang (24h)\u201d<\/p>\n<\/li>\n<li data-section-id=\"1shguqv\" data-start=\"1486\" data-end=\"1520\">\n<p data-start=\"1488\" data-end=\"1520\">\u201cTheo d\u00f5i tr\u1ea3 l\u1eddi &amp; l\u01b0u l\u1ecbch s\u1eed\u201d<\/p>\n<\/li>\n<\/ul>\n<p>[\/et_pb_text][\/et_pb_column][\/et_pb_row][\/et_pb_section]<\/p>\n","protected":false},"excerpt":{"rendered":"<p>\u0110\u0103ng nh\u1eadp \n<div class=\"mp_wrapper mp_login_form\">\n                  <!-- mp-login-form-start -->     <form name=\"mepr_loginform\" id=\"mepr_loginform\" class=\"mepr-form\" action=\"https:\/\/tuvi.me\/vi\/login\/\" method=\"post\">\n            <div class=\"mp-form-row mepr_username\">\n        <div class=\"mp-form-label\">\n                              <label for=\"user_login\">T\u00ean hay E-mail<\/label>\n                  <\/div>\n        <input type=\"text\" name=\"log\" id=\"user_login\" value=\"\" \/>\n      <\/div>\n      <div class=\"mp-form-row mepr_password\">\n        <div class=\"mp-form-label\">\n          <label for=\"user_pass\">M\u1eadt kh\u1ea9u<\/label>\n                    <div class=\"mp-hide-pw\">\n            <input type=\"password\" name=\"pwd\" id=\"user_pass\" value=\"\" \/>\n            <button type=\"button\" class=\"button mp-hide-pw hide-if-no-js\" data-toggle=\"0\" aria-label=\"Ch\u01b0\u01a1ng tr\u00ecnh m\u1eadt kh\u1ea9u\">\n              <span class=\"dashicons dashicons-visibility\" aria-hidden=\"true\"><\/span>\n            <\/button>\n          <\/div>\n        <\/div>\n      <\/div>\n            <div>\n        <label><input name=\"rememberme\" type=\"checkbox\" id=\"rememberme\" value=\"forever\" \/> Nh\u1edb T\u00f4i<\/label>\n      <\/div>\n      <div class=\"mp-spacer\">&nbsp;<\/div>\n      <div class=\"submit\">\n        <input type=\"submit\" name=\"wp-submit\" id=\"wp-submit\" class=\"button-primary mepr-share-button \" value=\"\u0110\u0103ng Nh\u1eadp\" \/>\n        <input type=\"hidden\" name=\"redirect_to\" value=\"https:\/\/tuvi.me\/tai-khoan\" \/>\n        <input type=\"hidden\" name=\"mepr_process_login_form\" value=\"true\" \/>\n        <input type=\"hidden\" name=\"mepr_is_login_page\" value=\"true\" \/>\n      <\/div>\n    <\/form>\n    <div class=\"mp-spacer\">&nbsp;<\/div>\n    <div class=\"mepr-login-actions\">\n      <a href=\"https:\/\/tuvi.me\/vi\/login\/?action=forgot_password\">Qu\u00ean M\u1eadt Kh\u1ea9u<\/a>\n    <\/div>\n\n      \n    <!-- mp-login-form-end --> \n  <\/div>\n Ch\u01b0a c\u00f3 t\u00e0i kho\u1ea3n? \u0110\u0103ng k\u00fd mi\u1ec5n ph\u00edQu\u00ean m\u1eadt kh\u1ea9u? \u0110\u0103ng k\u00fd mi\u1ec5n ph\u00ed N\u00e2ng c\u1ea5p Premium \u201cH\u1ecfi mi\u1ec5n ph\u00ed trong di\u1ec5n \u0111\u00e0n\u201d \u201cPremiumForum + h\u1ecfi ri\u00eang (24h)\u201d \u201cTheo d\u00f5i tr\u1ea3 l\u1eddi &amp; l\u01b0u l\u1ecbch s\u1eed\u201d<\/p>\n","protected":false},"author":1,"featured_media":0,"parent":0,"menu_order":0,"comment_status":"closed","ping_status":"closed","template":"","meta":{"_et_pb_use_builder":"on","_et_pb_old_content":"","_et_gb_content_width":"","_uag_custom_page_level_css":"","footnotes":""},"class_list":["post-11904","page","type-page","status-publish","hentry"],"_downloadable":null,"_download_limit":null,"_downloadable_files":null,"_product_version":null,"_is_software":null,"_software_product_id":null,"_software_license_key_prefix":null,"_software_secret_product_key":null,"_software_version":null,"_software_activations":null,"_software_upgradable_product":null,"_software_upgrade_price":null,"_software_upgrade_license_keys":null,"_software_used_license_keys":null,"_subscription_payment_sync_date":null,"_subscription_price":null,"_subscription_trial_length":null,"_subscription_sign_up_fee":null,"_subscription_period":null,"_subscription_period_interval":null,"_subscription_length":null,"_subscription_trial_period":null,"_subscription_limit":null,"uagb_featured_image_src":{"full":false,"thumbnail":false,"medium":false,"medium_large":false,"large":false,"1536x1536":false,"2048x2048":false,"et-pb-post-main-image":false,"et-pb-post-main-image-fullwidth":false,"et-pb-portfolio-image":false,"et-pb-portfolio-module-image":false,"et-pb-portfolio-image-single":false,"et-pb-gallery-module-image-portrait":false,"et-pb-post-main-image-fullwidth-large":false,"et-pb-image--responsive--desktop":false,"et-pb-image--responsive--tablet":false,"et-pb-image--responsive--phone":false,"mailpoet_newsletter_max":false,"woocommerce_thumbnail":false,"woocommerce_single":false,"woocommerce_gallery_thumbnail":false},"uagb_author_info":{"display_name":"T\u1eed Vi Vi\u1ec7t Nam","author_link":"https:\/\/tuvi.me\/vi\/forum-participant\/1\/"},"uagb_comment_info":0,"uagb_excerpt":"\u0110\u0103ng nh\u1eadp [mepr-login-form use_redirect=\"true\"] Ch\u01b0a c\u00f3 t\u00e0i kho\u1ea3n? \u0110\u0103ng k\u00fd mi\u1ec5n ph\u00edQu\u00ean m\u1eadt kh\u1ea9u? \u0110\u0103ng k\u00fd mi\u1ec5n ph\u00ed N\u00e2ng c\u1ea5p Premium \u201cH\u1ecfi mi\u1ec5n ph\u00ed trong di\u1ec5n \u0111\u00e0n\u201d \u201cPremiumForum + h\u1ecfi ri\u00eang (24h)\u201d \u201cTheo d\u00f5i tr\u1ea3 l\u1eddi &amp; l\u01b0u l\u1ecbch s\u1eed\u201d","jetpack_sharing_enabled":true,"_links":{"self":[{"href":"https:\/\/tuvi.me\/vi\/wp-json\/wp\/v2\/pages\/11904","targetHints":{"allow":["GET"]}}],"collection":[{"href":"https:\/\/tuvi.me\/vi\/wp-json\/wp\/v2\/pages"}],"about":[{"href":"https:\/\/tuvi.me\/vi\/wp-json\/wp\/v2\/types\/page"}],"author":[{"embeddable":true,"href":"https:\/\/tuvi.me\/vi\/wp-json\/wp\/v2\/users\/1"}],"replies":[{"embeddable":true,"href":"https:\/\/tuvi.me\/vi\/wp-json\/wp\/v2\/comments?post=11904"}],"version-history":[{"count":23,"href":"https:\/\/tuvi.me\/vi\/wp-json\/wp\/v2\/pages\/11904\/revisions"}],"predecessor-version":[{"id":12023,"href":"https:\/\/tuvi.me\/vi\/wp-json\/wp\/v2\/pages\/11904\/revisions\/12023"}],"wp:attachment":[{"href":"https:\/\/tuvi.me\/vi\/wp-json\/wp\/v2\/media?parent=11904"}],"curies":[{"name":"wp","href":"https:\/\/api.w.org\/{rel}","templated":true}]}}