{"id":11389,"date":"2025-12-10T10:39:16","date_gmt":"2025-12-10T03:39:16","guid":{"rendered":"https:\/\/tuvi.me\/?page_id=11389"},"modified":"2026-03-13T22:45:27","modified_gmt":"2026-03-13T15:45:27","slug":"register","status":"publish","type":"page","link":"https:\/\/tuvi.me\/vi\/register\/","title":{"rendered":"Register"},"content":{"rendered":"<p>[et_pb_section fb_built=&#8221;1&#8243; _builder_version=&#8221;4.27.4&#8243; background_color=&#8221;RGBA(255,255,255,0)&#8221; global_colors_info=&#8221;{}&#8221;][et_pb_row _builder_version=&#8221;4.16&#8243; background_size=&#8221;initial&#8221; background_position=&#8221;top_left&#8221; background_repeat=&#8221;repeat&#8221; global_colors_info=&#8221;{}&#8221;][et_pb_column type=&#8221;4_4&#8243; _builder_version=&#8221;4.16&#8243; custom_padding=&#8221;|||&#8221; global_colors_info=&#8221;{}&#8221; custom_padding__hover=&#8221;|||&#8221;][et_pb_text _builder_version=&#8221;4.27.4&#8243; background_size=&#8221;initial&#8221; background_position=&#8221;top_left&#8221; background_repeat=&#8221;repeat&#8221; link_option_url=&#8221;\/register\/dang-ky-tham-gia-dien-dan\/&#8221; global_colors_info=&#8221;{}&#8221;]<\/p>\n<h2>Truy c\u1eadp kho n\u1ed9i dung T\u1eed Vi &amp; Kinh D\u1ecbch d\u00e0nh ri\u00eang cho b\u1ea1n.<\/h2>\n<p>[\/et_pb_text][\/et_pb_column][\/et_pb_row][et_pb_row _builder_version=&#8221;4.27.4&#8243; _module_preset=&#8221;default&#8221; global_colors_info=&#8221;{}&#8221;][et_pb_column type=&#8221;4_4&#8243; _builder_version=&#8221;4.27.4&#8243; _module_preset=&#8221;default&#8221; global_colors_info=&#8221;{}&#8221;][et_pb_button button_url=&#8221;\/register\/dang-ky-tham-gia-dien-dan\/&#8221; button_text=&#8221;\u0110\u0103ng k\u00fd tham gia di\u1ec5n \u0111\u00e0n&#8221; button_alignment=&#8221;center&#8221; _builder_version=&#8221;4.27.4&#8243; _module_preset=&#8221;default&#8221; custom_button=&#8221;on&#8221; button_text_color=&#8221;#FFFFFF&#8221; button_bg_color=&#8221;#8300E9&#8243; button_border_width=&#8221;1px&#8221; button_border_radius=&#8221;2px&#8221; button_icon=&#8221;&#x3d;||divi||400&#8243; global_colors_info=&#8221;{}&#8221;][\/et_pb_button][\/et_pb_column][\/et_pb_row][\/et_pb_section]<\/p>\n","protected":false},"excerpt":{"rendered":"<p>Truy c\u1eadp kho n\u1ed9i dung T\u1eed Vi &amp; Kinh D\u1ecbch d\u00e0nh ri\u00eang cho b\u1ea1n.<\/p>\n","protected":false},"author":1,"featured_media":0,"parent":0,"menu_order":0,"comment_status":"closed","ping_status":"closed","template":"","meta":{"_et_pb_use_builder":"on","_et_pb_old_content":"","_et_gb_content_width":"","_uag_custom_page_level_css":"","footnotes":""},"class_list":["post-11389","page","type-page","status-publish","hentry"],"_downloadable":null,"_download_limit":null,"_downloadable_files":null,"_product_version":null,"_is_software":null,"_software_product_id":null,"_software_license_key_prefix":null,"_software_secret_product_key":null,"_software_version":null,"_software_activations":null,"_software_upgradable_product":null,"_software_upgrade_price":null,"_software_upgrade_license_keys":null,"_software_used_license_keys":null,"_subscription_payment_sync_date":null,"_subscription_price":null,"_subscription_trial_length":null,"_subscription_sign_up_fee":null,"_subscription_period":null,"_subscription_period_interval":null,"_subscription_length":null,"_subscription_trial_period":null,"_subscription_limit":null,"uagb_featured_image_src":{"full":false,"thumbnail":false,"medium":false,"medium_large":false,"large":false,"1536x1536":false,"2048x2048":false,"et-pb-post-main-image":false,"et-pb-post-main-image-fullwidth":false,"et-pb-portfolio-image":false,"et-pb-portfolio-module-image":false,"et-pb-portfolio-image-single":false,"et-pb-gallery-module-image-portrait":false,"et-pb-post-main-image-fullwidth-large":false,"et-pb-image--responsive--desktop":false,"et-pb-image--responsive--tablet":false,"et-pb-image--responsive--phone":false,"mailpoet_newsletter_max":false,"woocommerce_thumbnail":false,"woocommerce_single":false,"woocommerce_gallery_thumbnail":false},"uagb_author_info":{"display_name":"T\u1eed Vi Vi\u1ec7t Nam","author_link":"https:\/\/tuvi.me\/vi\/forum-participant\/1\/"},"uagb_comment_info":0,"uagb_excerpt":"Truy c\u1eadp kho n\u1ed9i dung T\u1eed Vi &amp; Kinh D\u1ecbch d\u00e0nh ri\u00eang cho b\u1ea1n.","jetpack_sharing_enabled":true,"_links":{"self":[{"href":"https:\/\/tuvi.me\/vi\/wp-json\/wp\/v2\/pages\/11389","targetHints":{"allow":["GET"]}}],"collection":[{"href":"https:\/\/tuvi.me\/vi\/wp-json\/wp\/v2\/pages"}],"about":[{"href":"https:\/\/tuvi.me\/vi\/wp-json\/wp\/v2\/types\/page"}],"author":[{"embeddable":true,"href":"https:\/\/tuvi.me\/vi\/wp-json\/wp\/v2\/users\/1"}],"replies":[{"embeddable":true,"href":"https:\/\/tuvi.me\/vi\/wp-json\/wp\/v2\/comments?post=11389"}],"version-history":[{"count":6,"href":"https:\/\/tuvi.me\/vi\/wp-json\/wp\/v2\/pages\/11389\/revisions"}],"predecessor-version":[{"id":11405,"href":"https:\/\/tuvi.me\/vi\/wp-json\/wp\/v2\/pages\/11389\/revisions\/11405"}],"wp:attachment":[{"href":"https:\/\/tuvi.me\/vi\/wp-json\/wp\/v2\/media?parent=11389"}],"curies":[{"name":"wp","href":"https:\/\/api.w.org\/{rel}","templated":true}]}}